{"id":890,"date":"2023-08-25T19:22:53","date_gmt":"2023-08-25T17:22:53","guid":{"rendered":"https:\/\/esglobaltrade.com\/?page_id=890"},"modified":"2024-10-24T16:37:44","modified_gmt":"2024-10-24T14:37:44","slug":"avocat","status":"publish","type":"page","link":"https:\/\/esglobaltrade.com\/en\/avocat\/","title":{"rendered":"Avocado"},"content":{"rendered":"<style>.kb-row-layout-id890_f6728d-e0 > .kt-row-column-wrap{align-content:start;}:where(.kb-row-layout-id890_f6728d-e0 > .kt-row-column-wrap) > .wp-block-kadence-column{justify-content:start;}.kb-row-layout-id890_f6728d-e0 > .kt-row-column-wrap{column-gap:var(--global-kb-gap-md, 2rem);row-gap:var(--global-kb-gap-md, 2rem);padding-top:var(--global-kb-spacing-sm, 1.5rem);padding-bottom:var(--global-kb-spacing-sm, 1.5rem);grid-template-columns:minmax(0, 1fr);}.kb-row-layout-id890_f6728d-e0 > .kt-row-layout-overlay{opacity:0.30;}@media all and (max-width: 1024px){.kb-row-layout-id890_f6728d-e0 > .kt-row-column-wrap{grid-template-columns:minmax(0, 1fr);}}@media all and (max-width: 767px){.kb-row-layout-id890_f6728d-e0 > .kt-row-column-wrap{grid-template-columns:minmax(0, 1fr);}}<\/style><div class=\"kb-row-layout-wrap kb-row-layout-id890_f6728d-e0 alignnone wp-block-kadence-rowlayout\"><div class=\"kt-row-column-wrap kt-has-1-columns kt-row-layout-equal kt-tab-layout-inherit kt-mobile-layout-row kt-row-valign-top\">\n<style>.kadence-column890_28a8f1-3d > .kt-inside-inner-col,.kadence-column890_28a8f1-3d > .kt-inside-inner-col:before{border-top-left-radius:0px;border-top-right-radius:0px;border-bottom-right-radius:0px;border-bottom-left-radius:0px;}.kadence-column890_28a8f1-3d > .kt-inside-inner-col:before{opacity:0.3;}.kadence-column890_28a8f1-3d{position:relative;}<\/style>\n<div class=\"wp-block-kadence-column kadence-column890_28a8f1-3d\"><div class=\"kt-inside-inner-col\"><style>.kb-row-layout-id890_aeb5d4-53 > .kt-row-column-wrap{align-content:start;}:where(.kb-row-layout-id890_aeb5d4-53 > .kt-row-column-wrap) > .wp-block-kadence-column{justify-content:start;}.kb-row-layout-id890_aeb5d4-53 > .kt-row-column-wrap{column-gap:0px;row-gap:var(--global-kb-gap-none, 0 );max-width:var( --global-content-width, 1290px );padding-left:var(--global-content-edge-padding);padding-right:var(--global-content-edge-padding);padding-top:var(--global-kb-spacing-sm, 1.5rem);padding-bottom:var(--global-kb-spacing-sm, 1.5rem);grid-template-columns:minmax(0, 40%) minmax(0, 60%);}.kb-row-layout-id890_aeb5d4-53 > .kt-row-layout-overlay{opacity:0.30;}@media all and (max-width: 1024px){.kb-row-layout-id890_aeb5d4-53 > .kt-row-column-wrap{grid-template-columns:repeat(2, minmax(0, 1fr));}}@media all and (max-width: 767px){.kb-row-layout-id890_aeb5d4-53 > .kt-row-column-wrap{grid-template-columns:minmax(0, 1fr);}}<\/style><section class=\"kb-row-layout-wrap kb-row-layout-id890_aeb5d4-53 alignfull wp-block-kadence-rowlayout\"><div class=\"kt-row-column-wrap kt-has-2-columns kt-row-layout-equal kt-tab-layout-inherit kt-mobile-layout-row kt-row-valign-top kb-theme-content-width\">\n<style>.kadence-column890_16c8ca-50 > .kt-inside-inner-col,.kadence-column890_16c8ca-50 > .kt-inside-inner-col:before{border-top-left-radius:0px;border-top-right-radius:0px;border-bottom-right-radius:0px;border-bottom-left-radius:0px;}.kadence-column890_16c8ca-50 > .kt-inside-inner-col:before{opacity:0.3;}.kadence-column890_16c8ca-50{position:relative;}<\/style>\n<div class=\"wp-block-kadence-column kadence-column890_16c8ca-50\"><div class=\"kt-inside-inner-col\"><style>.kb-image890_e6eb88-56.kb-image-is-ratio-size, .kb-image890_e6eb88-56 .kb-image-is-ratio-size{max-width:401px;width:100%;}.kb-image890_e6eb88-56 figure{max-width:401px;}.kb-image890_e6eb88-56 .image-is-svg, .kb-image890_e6eb88-56 .image-is-svg img{width:100%;}.kb-image890_e6eb88-56:not(.kb-image-is-ratio-size) .kb-img, .kb-image890_e6eb88-56.kb-image-is-ratio-size{padding-left:var(--global-kb-spacing-md, 2rem);}.kb-image890_e6eb88-56 .kb-image-has-overlay:after{opacity:0.3;}<\/style>\n<div class=\"wp-block-kadence-image kb-image890_e6eb88-56\"><figure class=\"aligncenter\"><img decoding=\"async\" loading=\"lazy\" width=\"1595\" height=\"1880\" src=\"http:\/\/esglobaltrade.com\/wp-content\/uploads\/2023\/08\/appetite-1238257_1280-1-1.jpg\" alt=\"\" class=\"kb-img wp-image-444\" srcset=\"https:\/\/esglobaltrade.com\/wp-content\/uploads\/2023\/08\/appetite-1238257_1280-1-1.jpg 1595w, https:\/\/esglobaltrade.com\/wp-content\/uploads\/2023\/08\/appetite-1238257_1280-1-1-255x300.jpg 255w, https:\/\/esglobaltrade.com\/wp-content\/uploads\/2023\/08\/appetite-1238257_1280-1-1-869x1024.jpg 869w, https:\/\/esglobaltrade.com\/wp-content\/uploads\/2023\/08\/appetite-1238257_1280-1-1-768x905.jpg 768w, https:\/\/esglobaltrade.com\/wp-content\/uploads\/2023\/08\/appetite-1238257_1280-1-1-1303x1536.jpg 1303w\" sizes=\"(max-width: 1595px) 100vw, 1595px\" \/><\/figure><\/div>\n<\/div><\/div>\n\n\n<style>.kadence-column890_abcdc9-ca > .kt-inside-inner-col,.kadence-column890_abcdc9-ca > .kt-inside-inner-col:before{border-top-left-radius:0px;border-top-right-radius:0px;border-bottom-right-radius:0px;border-bottom-left-radius:0px;}.kadence-column890_abcdc9-ca > .kt-inside-inner-col:before{opacity:0.3;}.kadence-column890_abcdc9-ca{position:relative;}<\/style>\n<div class=\"wp-block-kadence-column kadence-column890_abcdc9-ca\"><div class=\"kt-inside-inner-col\">\n<h2 class=\"wp-block-heading has-theme-palette-2-color has-text-color\">HASS AVOCADO<\/h2>\n\n\n\n<p><strong>Avocado<\/strong>, the fruit of the avocado tree, is appreciated for its creamy texture and mild taste, as well as its many nutritional benefits.<\/p>\n\n\n\n<p><strong>Variety:<\/strong>\u00a0Hass<br><strong>Origin:<\/strong>\u00a0Kenya<br><strong>By sea:<\/strong>\u00a04kg or 10kg box\u00a0<br><strong>By air:<\/strong>\u00a04 or 6 kg box<br><strong>Caliber:<\/strong>\u00a016 to 24<\/p>\n\n\n\n<p>Variety <strong>Hass <\/strong>variety is the most consumed in the world, it is distinguished by its small size, its rough and dark skin. Its flesh is creamy and rich in flavors.<\/p>\n\n\n\n<div class=\"wp-block-buttons is-content-justification-center is-layout-flex wp-container-1 wp-block-buttons-is-layout-flex\">\n<div class=\"wp-block-button is-style-fill\"><a class=\"wp-block-button__link has-background wp-element-button\" href=\"https:\/\/esglobaltrade.com\/en\/contact\/\" style=\"border-radius:100px;background-color:#175979\" rel=\"https:\/\/esglobaltrade.com\/contact\/\">Contact us if needed<\/a><\/div>\n<\/div>\n<\/div><\/div>\n\n<\/div><\/section><\/div><\/div>\n\n<\/div><\/div>","protected":false},"excerpt":{"rendered":"<p>AVOCAT HASS L\u2019avocat, fruit de l\u2019avocatier est appr\u00e9ci\u00e9 pour sa texture cr\u00e9meuse et son go\u00fbt doux, ainsi que pour ses nombreux bienfaits nutritionnels. Vari\u00e9t\u00e9\u00a0:\u00a0HassOrigine\u00a0:\u00a0KenyaPar mer\u00a0:\u00a0Carton 4kg ou 10kg\u00a0Par avion\u00a0:\u00a0Carton 4 ou 6 kgCalibre:\u00a016 \u00e0 24 La vari\u00e9t\u00e9 Hass est la plus consomm\u00e9e au monde, elle se distingue par sa petite taille, sa peau rugueuse et&#8230;<\/p>","protected":false},"author":1,"featured_media":0,"parent":0,"menu_order":0,"comment_status":"closed","ping_status":"closed","template":"","meta":{"_kad_post_transparent":"disable","_kad_post_title":"hide","_kad_post_layout":"","_kad_post_sidebar_id":"","_kad_post_content_style":"","_kad_post_vertical_padding":"","_kad_post_feature":"","_kad_post_feature_position":"","_kad_post_header":false,"_kad_post_footer":false,"footnotes":""},"_links":{"self":[{"href":"https:\/\/esglobaltrade.com\/en\/wp-json\/wp\/v2\/pages\/890"}],"collection":[{"href":"https:\/\/esglobaltrade.com\/en\/wp-json\/wp\/v2\/pages"}],"about":[{"href":"https:\/\/esglobaltrade.com\/en\/wp-json\/wp\/v2\/types\/page"}],"author":[{"embeddable":true,"href":"https:\/\/esglobaltrade.com\/en\/wp-json\/wp\/v2\/users\/1"}],"replies":[{"embeddable":true,"href":"https:\/\/esglobaltrade.com\/en\/wp-json\/wp\/v2\/comments?post=890"}],"version-history":[{"count":5,"href":"https:\/\/esglobaltrade.com\/en\/wp-json\/wp\/v2\/pages\/890\/revisions"}],"predecessor-version":[{"id":1485,"href":"https:\/\/esglobaltrade.com\/en\/wp-json\/wp\/v2\/pages\/890\/revisions\/1485"}],"wp:attachment":[{"href":"https:\/\/esglobaltrade.com\/en\/wp-json\/wp\/v2\/media?parent=890"}],"curies":[{"name":"wp","href":"https:\/\/api.w.org\/{rel}","templated":true}]}}