{"id":878,"date":"2023-08-25T19:04:25","date_gmt":"2023-08-25T17:04:25","guid":{"rendered":"https:\/\/esglobaltrade.com\/?page_id=878"},"modified":"2024-10-24T16:24:56","modified_gmt":"2024-10-24T14:24:56","slug":"ananas","status":"publish","type":"page","link":"https:\/\/esglobaltrade.com\/en\/ananas\/","title":{"rendered":"Pineapple"},"content":{"rendered":"<style>.kb-row-layout-id878_d3023e-3f > .kt-row-column-wrap{align-content:start;}:where(.kb-row-layout-id878_d3023e-3f > .kt-row-column-wrap) > .wp-block-kadence-column{justify-content:start;}.kb-row-layout-id878_d3023e-3f > .kt-row-column-wrap{column-gap:var(--global-kb-gap-md, 2rem);row-gap:var(--global-kb-gap-md, 2rem);padding-top:var(--global-kb-spacing-sm, 1.5rem);padding-bottom:var(--global-kb-spacing-sm, 1.5rem);grid-template-columns:minmax(0, 1fr);}.kb-row-layout-id878_d3023e-3f > .kt-row-layout-overlay{opacity:0.30;}@media all and (max-width: 1024px){.kb-row-layout-id878_d3023e-3f > .kt-row-column-wrap{grid-template-columns:minmax(0, 1fr);}}@media all and (max-width: 767px){.kb-row-layout-id878_d3023e-3f > .kt-row-column-wrap{grid-template-columns:minmax(0, 1fr);}}<\/style><div class=\"kb-row-layout-wrap kb-row-layout-id878_d3023e-3f alignnone wp-block-kadence-rowlayout\"><div class=\"kt-row-column-wrap kt-has-1-columns kt-row-layout-equal kt-tab-layout-inherit kt-mobile-layout-row kt-row-valign-top\">\n<style>.kadence-column878_307145-3e > .kt-inside-inner-col,.kadence-column878_307145-3e > .kt-inside-inner-col:before{border-top-left-radius:0px;border-top-right-radius:0px;border-bottom-right-radius:0px;border-bottom-left-radius:0px;}.kadence-column878_307145-3e > .kt-inside-inner-col:before{opacity:0.3;}.kadence-column878_307145-3e{position:relative;}<\/style>\n<div class=\"wp-block-kadence-column kadence-column878_307145-3e\"><div class=\"kt-inside-inner-col\"><style>.kb-row-layout-id878_a3724d-76 > .kt-row-column-wrap{align-content:start;}:where(.kb-row-layout-id878_a3724d-76 > .kt-row-column-wrap) > .wp-block-kadence-column{justify-content:start;}.kb-row-layout-id878_a3724d-76 > .kt-row-column-wrap{column-gap:0px;row-gap:var(--global-kb-gap-none, 0 );max-width:var( --global-content-width, 1290px );padding-left:var(--global-content-edge-padding);padding-right:var(--global-content-edge-padding);padding-top:var(--global-kb-spacing-sm, 1.5rem);padding-bottom:var(--global-kb-spacing-sm, 1.5rem);grid-template-columns:minmax(0, 40%) minmax(0, 60%);}.kb-row-layout-id878_a3724d-76 > .kt-row-layout-overlay{opacity:0.30;}@media all and (max-width: 1024px){.kb-row-layout-id878_a3724d-76 > .kt-row-column-wrap{grid-template-columns:repeat(2, minmax(0, 1fr));}}@media all and (max-width: 767px){.kb-row-layout-id878_a3724d-76 > .kt-row-column-wrap{grid-template-columns:minmax(0, 1fr);}}<\/style><section class=\"kb-row-layout-wrap kb-row-layout-id878_a3724d-76 alignfull wp-block-kadence-rowlayout\"><div class=\"kt-row-column-wrap kt-has-2-columns kt-row-layout-equal kt-tab-layout-inherit kt-mobile-layout-row kt-row-valign-top kb-theme-content-width\">\n<style>.kadence-column878_dfb95c-b3 > .kt-inside-inner-col,.kadence-column878_dfb95c-b3 > .kt-inside-inner-col:before{border-top-left-radius:0px;border-top-right-radius:0px;border-bottom-right-radius:0px;border-bottom-left-radius:0px;}.kadence-column878_dfb95c-b3 > .kt-inside-inner-col:before{opacity:0.3;}.kadence-column878_dfb95c-b3{position:relative;}<\/style>\n<div class=\"wp-block-kadence-column kadence-column878_dfb95c-b3\"><div class=\"kt-inside-inner-col\"><style>.kb-image878_d2d8a9-84.kb-image-is-ratio-size, .kb-image878_d2d8a9-84 .kb-image-is-ratio-size{max-width:367px;width:100%;}.kb-image878_d2d8a9-84 figure{max-width:367px;}.kb-image878_d2d8a9-84 .image-is-svg, .kb-image878_d2d8a9-84 .image-is-svg img{width:100%;}.kb-image878_d2d8a9-84:not(.kb-image-is-ratio-size) .kb-img, .kb-image878_d2d8a9-84.kb-image-is-ratio-size{padding-left:var(--global-kb-spacing-md, 2rem);}.kb-image878_d2d8a9-84 .kb-image-has-overlay:after{opacity:0.3;}<\/style>\n<div class=\"wp-block-kadence-image kb-image878_d2d8a9-84\"><figure class=\"aligncenter size-large\"><img decoding=\"async\" loading=\"lazy\" width=\"869\" height=\"1024\" src=\"http:\/\/esglobaltrade.com\/wp-content\/uploads\/2023\/08\/Ananas-869x1024.jpg\" alt=\"\" class=\"kb-img wp-image-277\" srcset=\"https:\/\/esglobaltrade.com\/wp-content\/uploads\/2023\/08\/Ananas-869x1024.jpg 869w, https:\/\/esglobaltrade.com\/wp-content\/uploads\/2023\/08\/Ananas-255x300.jpg 255w, https:\/\/esglobaltrade.com\/wp-content\/uploads\/2023\/08\/Ananas-768x905.jpg 768w, https:\/\/esglobaltrade.com\/wp-content\/uploads\/2023\/08\/Ananas-1303x1536.jpg 1303w, https:\/\/esglobaltrade.com\/wp-content\/uploads\/2023\/08\/Ananas.jpg 1595w\" sizes=\"(max-width: 869px) 100vw, 869px\" \/><\/figure><\/div>\n<\/div><\/div>\n\n\n<style>.kadence-column878_2a52e2-0f > .kt-inside-inner-col,.kadence-column878_2a52e2-0f > .kt-inside-inner-col:before{border-top-left-radius:0px;border-top-right-radius:0px;border-bottom-right-radius:0px;border-bottom-left-radius:0px;}.kadence-column878_2a52e2-0f > .kt-inside-inner-col:before{opacity:0.3;}.kadence-column878_2a52e2-0f{position:relative;}<\/style>\n<div class=\"wp-block-kadence-column kadence-column878_2a52e2-0f\"><div class=\"kt-inside-inner-col\">\n<h2 class=\"wp-block-heading has-theme-palette-2-color has-text-color\">Pineapple<\/h2>\n\n\n\n<p><strong> <\/strong>Pineapple is a great source of vitamin C, which is essential for strengthening the immune system. It also contains vitamins A and B, as well as minerals like potassium and manganese.<\/p>\n\n\n\n<p><strong>Variety:<\/strong>\u00a0MD2, Sugarloaf<br><strong>Origin:<\/strong>\u00a0Ivory Coast, Togo<br><strong>By sea:<\/strong>\u00a012.5kg box<br><strong>By air:<\/strong>\u00a012.5KG box<br><strong>Caliber:<\/strong> 6\/7\/8\/9\/10<\/p>\n\n\n\n<p>Very tasty, with exotic scents, rich in vitamins and nutrients. Our organic pineapples are meticulously harvested at optimum maturity, carefully selected.<\/p>\n\n\n\n<p>Pineapple is loaded with antioxidants that help fight free radicals in the body, helping to reduce the risk of chronic diseases.<\/p>\n\n\n\n<p><\/p>\n\n\n\n<div class=\"wp-block-buttons is-content-justification-center is-layout-flex wp-container-1 wp-block-buttons-is-layout-flex\">\n<div class=\"wp-block-button is-style-fill\"><a class=\"wp-block-button__link has-background wp-element-button\" href=\"https:\/\/esglobaltrade.com\/en\/contact\/\" style=\"border-radius:100px;background-color:#175979\" rel=\"https:\/\/esglobaltrade.com\/contact\/\">Contact us if needed<\/a><\/div>\n<\/div>\n<\/div><\/div>\n\n<\/div><\/section><\/div><\/div>\n\n<\/div><\/div>","protected":false},"excerpt":{"rendered":"<p>Ananas L&rsquo;ananas est une source importante de vitamine C, essentielle pour renforcer le syst\u00e8me immunitaire. Il contient \u00e9galement des vitamines A et B, ainsi que des min\u00e9raux comme le potassium et le mangan\u00e8se. Vari\u00e9t\u00e9\u00a0:\u00a0MD2, Pain de SucreOrigine\u00a0:\u00a0C\u00f4te d\u2019Ivoire, TogoPar mer\u00a0:\u00a0Carton 12,5kgPar avion\u00a0:\u00a0Carton 12,5KGCalibre: 6\/7\/8\/9\/10 Tr\u00e8s savoureux, aux senteurs exotiques, riches en vitamines et nutriments. Nos&#8230;<\/p>","protected":false},"author":1,"featured_media":0,"parent":0,"menu_order":0,"comment_status":"closed","ping_status":"closed","template":"","meta":{"_kad_post_transparent":"disable","_kad_post_title":"hide","_kad_post_layout":"","_kad_post_sidebar_id":"","_kad_post_content_style":"","_kad_post_vertical_padding":"","_kad_post_feature":"","_kad_post_feature_position":"","_kad_post_header":false,"_kad_post_footer":false,"footnotes":""},"_links":{"self":[{"href":"https:\/\/esglobaltrade.com\/en\/wp-json\/wp\/v2\/pages\/878"}],"collection":[{"href":"https:\/\/esglobaltrade.com\/en\/wp-json\/wp\/v2\/pages"}],"about":[{"href":"https:\/\/esglobaltrade.com\/en\/wp-json\/wp\/v2\/types\/page"}],"author":[{"embeddable":true,"href":"https:\/\/esglobaltrade.com\/en\/wp-json\/wp\/v2\/users\/1"}],"replies":[{"embeddable":true,"href":"https:\/\/esglobaltrade.com\/en\/wp-json\/wp\/v2\/comments?post=878"}],"version-history":[{"count":7,"href":"https:\/\/esglobaltrade.com\/en\/wp-json\/wp\/v2\/pages\/878\/revisions"}],"predecessor-version":[{"id":1483,"href":"https:\/\/esglobaltrade.com\/en\/wp-json\/wp\/v2\/pages\/878\/revisions\/1483"}],"wp:attachment":[{"href":"https:\/\/esglobaltrade.com\/en\/wp-json\/wp\/v2\/media?parent=878"}],"curies":[{"name":"wp","href":"https:\/\/api.w.org\/{rel}","templated":true}]}}