{"id":785,"date":"2023-08-25T01:20:57","date_gmt":"2023-08-24T23:20:57","guid":{"rendered":"https:\/\/esglobaltrade.com\/?page_id=785"},"modified":"2024-10-24T23:20:32","modified_gmt":"2024-10-24T21:20:32","slug":"cacao","status":"publish","type":"page","link":"https:\/\/esglobaltrade.com\/en\/cacao\/","title":{"rendered":"Cacao"},"content":{"rendered":"<style>.kb-row-layout-id785_f02025-39 > .kt-row-column-wrap{align-content:start;}:where(.kb-row-layout-id785_f02025-39 > .kt-row-column-wrap) > .wp-block-kadence-column{justify-content:start;}.kb-row-layout-id785_f02025-39 > .kt-row-column-wrap{column-gap:var(--global-kb-gap-md, 2rem);row-gap:var(--global-kb-gap-md, 2rem);padding-top:var(--global-kb-spacing-sm, 1.5rem);padding-bottom:var(--global-kb-spacing-sm, 1.5rem);grid-template-columns:minmax(0, 1fr);}.kb-row-layout-id785_f02025-39 > .kt-row-layout-overlay{opacity:0.30;}@media all and (max-width: 1024px){.kb-row-layout-id785_f02025-39 > .kt-row-column-wrap{grid-template-columns:minmax(0, 1fr);}}@media all and (max-width: 767px){.kb-row-layout-id785_f02025-39 > .kt-row-column-wrap{grid-template-columns:minmax(0, 1fr);}}<\/style><div class=\"kb-row-layout-wrap kb-row-layout-id785_f02025-39 alignnone wp-block-kadence-rowlayout\"><div class=\"kt-row-column-wrap kt-has-1-columns kt-row-layout-equal kt-tab-layout-inherit kt-mobile-layout-row kt-row-valign-top\">\n<style>.kadence-column785_fdaddc-b2 > .kt-inside-inner-col,.kadence-column785_fdaddc-b2 > .kt-inside-inner-col:before{border-top-left-radius:0px;border-top-right-radius:0px;border-bottom-right-radius:0px;border-bottom-left-radius:0px;}.kadence-column785_fdaddc-b2 > .kt-inside-inner-col:before{opacity:0.3;}.kadence-column785_fdaddc-b2{position:relative;}<\/style>\n<div class=\"wp-block-kadence-column kadence-column785_fdaddc-b2\"><div class=\"kt-inside-inner-col\"><style>.kb-row-layout-id785_5ed80d-3b > .kt-row-column-wrap{align-content:start;}:where(.kb-row-layout-id785_5ed80d-3b > .kt-row-column-wrap) > .wp-block-kadence-column{justify-content:start;}.kb-row-layout-id785_5ed80d-3b > .kt-row-column-wrap{column-gap:0px;row-gap:var(--global-kb-gap-none, 0 );max-width:var( --global-content-width, 1290px );padding-left:var(--global-content-edge-padding);padding-right:var(--global-content-edge-padding);padding-top:var(--global-kb-spacing-sm, 1.5rem);padding-bottom:var(--global-kb-spacing-sm, 1.5rem);grid-template-columns:minmax(0, 40%) minmax(0, 60%);}.kb-row-layout-id785_5ed80d-3b > .kt-row-layout-overlay{opacity:0.30;}@media all and (max-width: 1024px){.kb-row-layout-id785_5ed80d-3b > .kt-row-column-wrap{grid-template-columns:repeat(2, minmax(0, 1fr));}}@media all and (max-width: 767px){.kb-row-layout-id785_5ed80d-3b > .kt-row-column-wrap{grid-template-columns:minmax(0, 1fr);}}<\/style><section class=\"kb-row-layout-wrap kb-row-layout-id785_5ed80d-3b alignfull wp-block-kadence-rowlayout\"><div class=\"kt-row-column-wrap kt-has-2-columns kt-row-layout-equal kt-tab-layout-inherit kt-mobile-layout-row kt-row-valign-top kb-theme-content-width\">\n<style>.kadence-column785_9377be-e6 > .kt-inside-inner-col,.kadence-column785_9377be-e6 > .kt-inside-inner-col:before{border-top-left-radius:0px;border-top-right-radius:0px;border-bottom-right-radius:0px;border-bottom-left-radius:0px;}.kadence-column785_9377be-e6 > .kt-inside-inner-col:before{opacity:0.3;}.kadence-column785_9377be-e6{position:relative;}<\/style>\n<div class=\"wp-block-kadence-column kadence-column785_9377be-e6\"><div class=\"kt-inside-inner-col\"><style>.kb-image785_82fb25-aa:not(.kb-image-is-ratio-size) .kb-img, .kb-image785_82fb25-aa.kb-image-is-ratio-size{padding-left:var(--global-kb-spacing-md, 2rem);}.kb-image785_82fb25-aa .kb-image-has-overlay:after{opacity:0.3;}<\/style>\n<div class=\"wp-block-kadence-image kb-image785_82fb25-aa\"><figure class=\"alignleft size-large\"><img decoding=\"async\" loading=\"lazy\" width=\"869\" height=\"1024\" src=\"https:\/\/esglobaltrade.com\/wp-content\/uploads\/2023\/08\/Fevre-de-Cacaco-1-869x1024.jpg\" alt=\"\" class=\"kb-img wp-image-454\" srcset=\"https:\/\/esglobaltrade.com\/wp-content\/uploads\/2023\/08\/Fevre-de-Cacaco-1-869x1024.jpg 869w, https:\/\/esglobaltrade.com\/wp-content\/uploads\/2023\/08\/Fevre-de-Cacaco-1-255x300.jpg 255w, https:\/\/esglobaltrade.com\/wp-content\/uploads\/2023\/08\/Fevre-de-Cacaco-1-768x905.jpg 768w, https:\/\/esglobaltrade.com\/wp-content\/uploads\/2023\/08\/Fevre-de-Cacaco-1-1303x1536.jpg 1303w, https:\/\/esglobaltrade.com\/wp-content\/uploads\/2023\/08\/Fevre-de-Cacaco-1.jpg 1595w\" sizes=\"(max-width: 869px) 100vw, 869px\" \/><\/figure><\/div>\n<\/div><\/div>\n\n\n<style>.kadence-column785_30908c-b3, .kt-inside-inner-col > .kadence-column785_30908c-b3:not(.specificity){margin-top:0px;margin-right:0px;margin-bottom:0px;margin-left:0px;}.kadence-column785_30908c-b3 > .kt-inside-inner-col{padding-top:0px;padding-right:0px;padding-bottom:0px;padding-left:0px;}.kadence-column785_30908c-b3 > .kt-inside-inner-col,.kadence-column785_30908c-b3 > .kt-inside-inner-col:before{border-top-left-radius:0px;border-top-right-radius:0px;border-bottom-right-radius:0px;border-bottom-left-radius:0px;}.kadence-column785_30908c-b3 > .kt-inside-inner-col{display:flex;flex-direction:row;flex-wrap:wrap;align-items:center;justify-content:flex-start;gap:10px;}.kadence-column785_30908c-b3 > .kt-inside-inner-col > *, .kadence-column785_30908c-b3 > .kt-inside-inner-col > figure.wp-block-image, .kadence-column785_30908c-b3 > .kt-inside-inner-col > figure.wp-block-kadence-image{margin-top:0px;margin-bottom:0px;}.kadence-column785_30908c-b3 > .kt-inside-inner-col:before{opacity:0.3;}.kadence-column785_30908c-b3{text-align:left;}.kadence-column785_30908c-b3{position:relative;}@media all and (max-width: 1024px){.kadence-column785_30908c-b3 > .kt-inside-inner-col{gap:10px;}}@media all and (min-width: 768px) and (max-width: 1024px){.kadence-column785_30908c-b3 > .kt-inside-inner-col > *, .kadence-column785_30908c-b3 > .kt-inside-inner-col > figure.wp-block-image, .kadence-column785_30908c-b3 > .kt-inside-inner-col > figure.wp-block-kadence-image{margin-top:0px;margin-bottom:0px;}}@media all and (max-width: 767px){.kadence-column785_30908c-b3 > .kt-inside-inner-col{gap:10px;}.kadence-column785_30908c-b3 > .kt-inside-inner-col > *, .kadence-column785_30908c-b3 > .kt-inside-inner-col > figure.wp-block-image, .kadence-column785_30908c-b3 > .kt-inside-inner-col > figure.wp-block-kadence-image{margin-top:0px;margin-bottom:0px;}}<\/style>\n<div class=\"wp-block-kadence-column kadence-column785_30908c-b3 kb-section-dir-horizontal\"><div class=\"kt-inside-inner-col\">\n<h2 class=\"wp-block-heading has-theme-palette-2-color has-text-color\"><strong>Cocoa beans<\/strong><\/h2>\n\n\n\n<p class=\"has-theme-palette-2-color has-text-color\"><\/p>\n\n\n\n<p>The cocoa tree is an amazing tree that produces small, delicate flowers. These flowers give rise to oval-shaped fruits called \u201cpods\u201d. Inside these pods are <strong>the precious cocoa beans<\/strong>, coated in a sweet pulp. Harvesting cocoa beans is an art in itself, requiring great expertise to preserve their quality.<\/p>\n\n\n\n<p class=\"has-theme-palette-2-color has-text-color\"><strong>The Transformation Process<\/strong><\/p>\n\n\n\n<p>Once harvested, <strong>cocoa beans<\/strong> undergo a complex transformation process to become what we all know and love, <strong>chocolate<\/strong>. They are fermented, dried, roasted and finally ground to obtain the precious cocoa paste. This paste can then be transformed into a variety of chocolate products, from intense dark chocolate to creamy milk chocolate.<\/p>\n<\/div><\/div>\n\n<\/div><\/section><\/div><\/div>\n\n<\/div><\/div>\n\n\n<div class=\"wp-block-buttons is-content-justification-center is-layout-flex wp-container-1 wp-block-buttons-is-layout-flex\">\n<div class=\"wp-block-button\"><a class=\"wp-block-button__link has-background wp-element-button\" href=\"https:\/\/esglobaltrade.com\/en\/contact\/\" style=\"border-radius:100px;background-color:#175979\">Contact us if needed<\/a><\/div>\n\n\n<\/div>","protected":false},"excerpt":{"rendered":"<p>F\u00e8ves de Cacao Le cacaoyer est un arbre \u00e9tonnant qui produit de petites fleurs d\u00e9licates. Ces fleurs donnent naissance \u00e0 des fruits de forme ovale appel\u00e9s \u00ab\u00a0cabosses\u00a0\u00bb. \u00c0 l&rsquo;int\u00e9rieur de ces cabosses se trouvent les pr\u00e9cieuses f\u00e8ves de cacao, enrob\u00e9es d&rsquo;une pulpe sucr\u00e9e. La r\u00e9colte des f\u00e8ves de cacao est un art en soi, n\u00e9cessitant&#8230;<\/p>","protected":false},"author":1,"featured_media":0,"parent":0,"menu_order":0,"comment_status":"closed","ping_status":"closed","template":"","meta":{"_kad_post_transparent":"disable","_kad_post_title":"hide","_kad_post_layout":"default","_kad_post_sidebar_id":"","_kad_post_content_style":"","_kad_post_vertical_padding":"","_kad_post_feature":"","_kad_post_feature_position":"","_kad_post_header":false,"_kad_post_footer":false,"footnotes":""},"_links":{"self":[{"href":"https:\/\/esglobaltrade.com\/en\/wp-json\/wp\/v2\/pages\/785"}],"collection":[{"href":"https:\/\/esglobaltrade.com\/en\/wp-json\/wp\/v2\/pages"}],"about":[{"href":"https:\/\/esglobaltrade.com\/en\/wp-json\/wp\/v2\/types\/page"}],"author":[{"embeddable":true,"href":"https:\/\/esglobaltrade.com\/en\/wp-json\/wp\/v2\/users\/1"}],"replies":[{"embeddable":true,"href":"https:\/\/esglobaltrade.com\/en\/wp-json\/wp\/v2\/comments?post=785"}],"version-history":[{"count":23,"href":"https:\/\/esglobaltrade.com\/en\/wp-json\/wp\/v2\/pages\/785\/revisions"}],"predecessor-version":[{"id":1519,"href":"https:\/\/esglobaltrade.com\/en\/wp-json\/wp\/v2\/pages\/785\/revisions\/1519"}],"wp:attachment":[{"href":"https:\/\/esglobaltrade.com\/en\/wp-json\/wp\/v2\/media?parent=785"}],"curies":[{"name":"wp","href":"https:\/\/api.w.org\/{rel}","templated":true}]}}