{"id":12,"date":"2023-08-20T00:00:09","date_gmt":"2023-08-19T22:00:09","guid":{"rendered":"https:\/\/esglobaltrade.com\/?page_id=12"},"modified":"2024-10-24T14:41:55","modified_gmt":"2024-10-24T12:41:55","slug":"a-propos","status":"publish","type":"page","link":"https:\/\/esglobaltrade.com\/en\/a-propos\/","title":{"rendered":"About us"},"content":{"rendered":"<div data-elementor-type=\"wp-page\" data-elementor-id=\"12\" class=\"elementor elementor-12\">\n\t\t\t\t\t\t\t\t\t<section class=\"elementor-section elementor-top-section elementor-element elementor-element-9e5380d elementor-section-boxed elementor-section-height-default elementor-section-height-default\" data-id=\"9e5380d\" data-element_type=\"section\">\n\t\t\t\t\t\t<div class=\"elementor-container elementor-column-gap-default\">\n\t\t\t\t\t<div class=\"elementor-column elementor-col-100 elementor-top-column elementor-element elementor-element-efebb76\" data-id=\"efebb76\" data-element_type=\"column\">\n\t\t\t<div class=\"elementor-widget-wrap\">\n\t\t\t\t\t\t\t\t\t<\/div>\n\t\t<\/div>\n\t\t\t\t\t\t\t<\/div>\n\t\t<\/section>\n\t\t\t\t<section class=\"elementor-section elementor-top-section elementor-element elementor-element-4fc4e057 elementor-section-boxed elementor-section-height-default elementor-section-height-default\" data-id=\"4fc4e057\" data-element_type=\"section\">\n\t\t\t\t\t\t<div class=\"elementor-container elementor-column-gap-default\">\n\t\t\t\t\t<div class=\"elementor-column elementor-col-50 elementor-top-column elementor-element elementor-element-9d6afec\" data-id=\"9d6afec\" data-element_type=\"column\">\n\t\t\t<div class=\"elementor-widget-wrap elementor-element-populated\">\n\t\t\t\t\t\t\t\t<div class=\"elementor-element elementor-element-5f548b3 elementor-widget elementor-widget-heading\" data-id=\"5f548b3\" data-element_type=\"widget\" data-widget_type=\"heading.default\">\n\t\t\t\t<div class=\"elementor-widget-container\">\n\t\t\t<style>\/*! elementor - v3.15.0 - 20-08-2023 *\/\n.elementor-heading-title{padding:0;margin:0;line-height:1}.elementor-widget-heading .elementor-heading-title[class*=elementor-size-]>a{color:inherit;font-size:inherit;line-height:inherit}.elementor-widget-heading .elementor-heading-title.elementor-size-small{font-size:15px}.elementor-widget-heading .elementor-heading-title.elementor-size-medium{font-size:19px}.elementor-widget-heading .elementor-heading-title.elementor-size-large{font-size:29px}.elementor-widget-heading .elementor-heading-title.elementor-size-xl{font-size:39px}.elementor-widget-heading .elementor-heading-title.elementor-size-xxl{font-size:59px}<\/style><h1 class=\"elementor-heading-title elementor-size-xl\">WHO ARE WE ?<\/h1>\t\t<\/div>\n\t\t\t\t<\/div>\n\t\t\t\t\t<\/div>\n\t\t<\/div>\n\t\t\t\t<div class=\"elementor-column elementor-col-50 elementor-top-column elementor-element elementor-element-9d109a7\" data-id=\"9d109a7\" data-element_type=\"column\">\n\t\t\t<div class=\"elementor-widget-wrap elementor-element-populated\">\n\t\t\t\t\t\t\t\t<div class=\"elementor-element elementor-element-75e35bc0 elementor-widget elementor-widget-text-editor\" data-id=\"75e35bc0\" data-element_type=\"widget\" data-widget_type=\"text-editor.default\">\n\t\t\t\t<div class=\"elementor-widget-container\">\n\t\t\t<style>\/*! elementor - v3.15.0 - 20-08-2023 *\/\n.elementor-widget-text-editor.elementor-drop-cap-view-stacked .elementor-drop-cap{background-color:#69727d;color:#fff}.elementor-widget-text-editor.elementor-drop-cap-view-framed .elementor-drop-cap{color:#69727d;border:3px solid;background-color:transparent}.elementor-widget-text-editor:not(.elementor-drop-cap-view-default) .elementor-drop-cap{margin-top:8px}.elementor-widget-text-editor:not(.elementor-drop-cap-view-default) .elementor-drop-cap-letter{width:1em;height:1em}.elementor-widget-text-editor .elementor-drop-cap{float:left;text-align:center;line-height:1;font-size:50px}.elementor-widget-text-editor .elementor-drop-cap-letter{display:inline-block}<\/style>\t\t\t\t<!-- wp:kadence\/rowlayout {\"noCustomDefaults\":true,\"isPrebuiltModal\":true} \/-->\t\t\t\t\t\t<\/div>\n\t\t\t\t<\/div>\n\t\t\t\t\t<\/div>\n\t\t<\/div>\n\t\t\t\t\t\t\t<\/div>\n\t\t<\/section>\n\t\t\t\t<section class=\"elementor-section elementor-top-section elementor-element elementor-element-7924de9 elementor-section-boxed elementor-section-height-default elementor-section-height-default\" data-id=\"7924de9\" data-element_type=\"section\">\n\t\t\t\t\t\t<div class=\"elementor-container elementor-column-gap-default\">\n\t\t\t\t\t<div class=\"elementor-column elementor-col-100 elementor-top-column elementor-element elementor-element-707a3d8\" data-id=\"707a3d8\" data-element_type=\"column\">\n\t\t\t<div class=\"elementor-widget-wrap elementor-element-populated\">\n\t\t\t\t\t\t\t\t<div class=\"elementor-element elementor-element-8fcf261 elementor-widget elementor-widget-text-editor\" data-id=\"8fcf261\" data-element_type=\"widget\" data-widget_type=\"text-editor.default\">\n\t\t\t\t<div class=\"elementor-widget-container\">\n\t\t\t\t\t\t\t<p><b>E&amp;S&nbsp;GLOBAL TRADE<\/b> is an international company based in France specializing in the export of fruits and vegetables from West Africa. Our company is the result of a deep passion for exotic fruits and vegetables from Africa, and a desire to introduce them to the world. We work closely with experienced producers,<span style=\"background-color: transparent;\">&nbsp;<\/span><span style=\"background-color: transparent;\">certified Global Gap and Organic<\/span><span style=\"background-color: transparent;\">&nbsp;<\/span><span style=\"background-color: transparent;\">&nbsp;in Ivory Coast, Senegal, Kenya, as well as in many other African countries. Our mission is to promote the know-how of these local producers&nbsp;<\/span><span style=\"background-color: transparent;\">while offering our consumers products of exceptional quality.&nbsp;<\/span><\/p>\n<p><\/p>\t\t\t\t\t\t<\/div>\n\t\t\t\t<\/div>\n\t\t\t\t\t<\/div>\n\t\t<\/div>\n\t\t\t\t\t\t\t<\/div>\n\t\t<\/section>\n\t\t\t\t<section class=\"elementor-section elementor-top-section elementor-element elementor-element-3f5d43e elementor-section-boxed elementor-section-height-default elementor-section-height-default\" data-id=\"3f5d43e\" data-element_type=\"section\">\n\t\t\t\t\t\t<div class=\"elementor-container elementor-column-gap-default\">\n\t\t\t\t\t<div class=\"elementor-column elementor-col-100 elementor-top-column elementor-element elementor-element-2f6891b\" data-id=\"2f6891b\" data-element_type=\"column\">\n\t\t\t<div class=\"elementor-widget-wrap elementor-element-populated\">\n\t\t\t\t\t\t\t\t<div class=\"elementor-element elementor-element-5b58552 elementor-widget elementor-widget-heading\" data-id=\"5b58552\" data-element_type=\"widget\" data-widget_type=\"heading.default\">\n\t\t\t\t<div class=\"elementor-widget-container\">\n\t\t\t<h1 class=\"elementor-heading-title elementor-size-default\">Our values<\/h1>\t\t<\/div>\n\t\t\t\t<\/div>\n\t\t\t\t\t<\/div>\n\t\t<\/div>\n\t\t\t\t\t\t\t<\/div>\n\t\t<\/section>\n\t\t\t\t<section class=\"elementor-section elementor-top-section elementor-element elementor-element-7fad126 elementor-section-boxed elementor-section-height-default elementor-section-height-default\" data-id=\"7fad126\" data-element_type=\"section\">\n\t\t\t\t\t\t<div class=\"elementor-container elementor-column-gap-default\">\n\t\t\t\t\t<div class=\"elementor-column elementor-col-100 elementor-top-column elementor-element elementor-element-0d1a1be\" data-id=\"0d1a1be\" data-element_type=\"column\">\n\t\t\t<div class=\"elementor-widget-wrap elementor-element-populated\">\n\t\t\t\t\t\t\t\t<div class=\"elementor-element elementor-element-b7805ec elementor-widget elementor-widget-text-editor\" data-id=\"b7805ec\" data-element_type=\"widget\" data-widget_type=\"text-editor.default\">\n\t\t\t\t<div class=\"elementor-widget-container\">\n\t\t\t\t\t\t\t<p style=\"margin-bottom: var(--global-md-spacing); color: #000000; font-size: 16px;\"><span style=\"font-family: var( --e-global-typography-text-font-family ), Sans-serif; background-color: transparent;\"><b>Integrity and Ethics:<\/b><\/span><span style=\"font-family: var( --e-global-typography-text-font-family ), Sans-serif; background-color: transparent;\">\u00a0<\/span><span style=\"font-family: var( --e-global-typography-text-font-family ), Sans-serif; background-color: transparent;\">We operate with the highest integrity, respecting laws and ethical standards.<\/span>\u00a0<\/p>\n<p style=\"margin-bottom: var(--global-md-spacing); color: #000000; font-size: 16px;\"><span style=\"font-weight: bold;\">Collaboration:<\/span>\u00a0We believe in the power of collaboration and work in close partnership with our clients to achieve their goals.<\/p>\n<p style=\"margin-bottom: var(--global-md-spacing); color: #000000; font-size: 16px;\"><b>Innovation:<\/b>\u00a0We are committed to constant innovation to improve our services and anticipate the changing needs of international trade.<\/p>\n<p style=\"margin-bottom: var(--global-md-spacing); color: #000000; font-size: 16px;\"><span style=\"font-weight: bold;\">Sustainability:<\/span>\u00a0We are committed to promoting sustainable and environmentally friendly business practices<\/p>\t\t\t\t\t\t<\/div>\n\t\t\t\t<\/div>\n\t\t\t\t\t<\/div>\n\t\t<\/div>\n\t\t\t\t\t\t\t<\/div>\n\t\t<\/section>\n\t\t\t\t\t\t\t<\/div>","protected":false},"excerpt":{"rendered":"<p>QUI SOMMES NOUS ? E&amp;S&nbsp;GLOBAL TRADE est une soci\u00e9t\u00e9 internationale bas\u00e9e en France sp\u00e9cialis\u00e9e dans l&rsquo;exportation de fruits et l\u00e9gumes de l&rsquo;Afrique de l&rsquo;ouest. Notre soci\u00e9t\u00e9 est le fruit d&rsquo;une passion profonde pour les fruits et l\u00e9gumes exotiques d&rsquo;Afrique, et d&rsquo;une volont\u00e9 de les faire d\u00e9couvrir au monde. Nous travaillons en \u00e9troite collaboration avec des&#8230;<\/p>","protected":false},"author":1,"featured_media":0,"parent":0,"menu_order":0,"comment_status":"closed","ping_status":"closed","template":"","meta":{"_kad_post_transparent":"","_kad_post_title":"hide","_kad_post_layout":"fullwidth","_kad_post_sidebar_id":"","_kad_post_content_style":"unboxed","_kad_post_vertical_padding":"hide","_kad_post_feature":"hide","_kad_post_feature_position":"","_kad_post_header":false,"_kad_post_footer":false,"footnotes":""},"_links":{"self":[{"href":"https:\/\/esglobaltrade.com\/en\/wp-json\/wp\/v2\/pages\/12"}],"collection":[{"href":"https:\/\/esglobaltrade.com\/en\/wp-json\/wp\/v2\/pages"}],"about":[{"href":"https:\/\/esglobaltrade.com\/en\/wp-json\/wp\/v2\/types\/page"}],"author":[{"embeddable":true,"href":"https:\/\/esglobaltrade.com\/en\/wp-json\/wp\/v2\/users\/1"}],"replies":[{"embeddable":true,"href":"https:\/\/esglobaltrade.com\/en\/wp-json\/wp\/v2\/comments?post=12"}],"version-history":[{"count":111,"href":"https:\/\/esglobaltrade.com\/en\/wp-json\/wp\/v2\/pages\/12\/revisions"}],"predecessor-version":[{"id":1535,"href":"https:\/\/esglobaltrade.com\/en\/wp-json\/wp\/v2\/pages\/12\/revisions\/1535"}],"wp:attachment":[{"href":"https:\/\/esglobaltrade.com\/en\/wp-json\/wp\/v2\/media?parent=12"}],"curies":[{"name":"wp","href":"https:\/\/api.w.org\/{rel}","templated":true}]}}