{"id":10,"date":"2023-08-19T23:56:35","date_gmt":"2023-08-19T21:56:35","guid":{"rendered":"https:\/\/esglobaltrade.com\/?page_id=10"},"modified":"2024-10-27T01:01:52","modified_gmt":"2024-10-26T23:01:52","slug":"accueil","status":"publish","type":"page","link":"https:\/\/esglobaltrade.com\/en\/","title":{"rendered":"Home"},"content":{"rendered":"<div data-elementor-type=\"wp-page\" data-elementor-id=\"10\" class=\"elementor elementor-10\">\n\t\t\t\t\t\t\t\t\t<section class=\"elementor-section elementor-top-section elementor-element elementor-element-2552392 elementor-section-height-min-height elementor-section-stretched elementor-section-boxed elementor-section-height-default elementor-section-items-middle\" data-id=\"2552392\" data-element_type=\"section\" data-settings=\"{&quot;stretch_section&quot;:&quot;section-stretched&quot;,&quot;background_background&quot;:&quot;slideshow&quot;,&quot;background_slideshow_gallery&quot;:[{&quot;id&quot;:44,&quot;url&quot;:&quot;http:\\\/\\\/esglobaltrade.com\\\/wp-content\\\/uploads\\\/2023\\\/08\\\/iStock-695585188-scaled.jpg&quot;},{&quot;id&quot;:29,&quot;url&quot;:&quot;http:\\\/\\\/esglobaltrade.com\\\/wp-content\\\/uploads\\\/2023\\\/08\\\/iStock-1214672225-1-scaled.jpg&quot;},{&quot;id&quot;:46,&quot;url&quot;:&quot;http:\\\/\\\/esglobaltrade.com\\\/wp-content\\\/uploads\\\/2023\\\/08\\\/iStock-1266958681-scaled.jpg&quot;},{&quot;id&quot;:43,&quot;url&quot;:&quot;http:\\\/\\\/esglobaltrade.com\\\/wp-content\\\/uploads\\\/2023\\\/08\\\/iStock-820345636-scaled.jpg&quot;},{&quot;id&quot;:45,&quot;url&quot;:&quot;http:\\\/\\\/esglobaltrade.com\\\/wp-content\\\/uploads\\\/2023\\\/08\\\/iStock-520647680-scaled.jpg&quot;},{&quot;id&quot;:42,&quot;url&quot;:&quot;http:\\\/\\\/esglobaltrade.com\\\/wp-content\\\/uploads\\\/2023\\\/08\\\/iStock-1401249687-scaled.jpg&quot;}],&quot;background_slideshow_transition_duration&quot;:600,&quot;background_slideshow_loop&quot;:&quot;yes&quot;,&quot;background_slideshow_slide_duration&quot;:5000,&quot;background_slideshow_slide_transition&quot;:&quot;fade&quot;}\">\n\t\t\t\t\t\t\t<div class=\"elementor-background-overlay\"><\/div>\n\t\t\t\t\t\t\t<div class=\"elementor-container elementor-column-gap-default\">\n\t\t\t\t\t<div class=\"elementor-column elementor-col-100 elementor-top-column elementor-element elementor-element-20a81c9\" data-id=\"20a81c9\" data-element_type=\"column\">\n\t\t\t<div class=\"elementor-widget-wrap elementor-element-populated\">\n\t\t\t\t\t\t\t\t<div class=\"elementor-element elementor-element-73061b4 elementor-widget__width-initial elementor-absolute elementor-hidden-tablet elementor-hidden-mobile elementor-widget elementor-widget-heading\" data-id=\"73061b4\" data-element_type=\"widget\" data-settings=\"{&quot;_position&quot;:&quot;absolute&quot;,&quot;_animation&quot;:&quot;none&quot;}\" data-widget_type=\"heading.default\">\n\t\t\t\t<div class=\"elementor-widget-container\">\n\t\t\t<style>\/*! elementor - v3.15.0 - 20-08-2023 *\/\n.elementor-heading-title{padding:0;margin:0;line-height:1}.elementor-widget-heading .elementor-heading-title[class*=elementor-size-]>a{color:inherit;font-size:inherit;line-height:inherit}.elementor-widget-heading .elementor-heading-title.elementor-size-small{font-size:15px}.elementor-widget-heading .elementor-heading-title.elementor-size-medium{font-size:19px}.elementor-widget-heading .elementor-heading-title.elementor-size-large{font-size:29px}.elementor-widget-heading .elementor-heading-title.elementor-size-xl{font-size:39px}.elementor-widget-heading .elementor-heading-title.elementor-size-xxl{font-size:59px}<\/style><h1 class=\"elementor-heading-title elementor-size-large\"> E&amp;S GLOBAL TRADE, YOUR PREFERRED PARTNER FOR EXOTIC FRUITS AND VEGETABLES<\/h1>\t\t<\/div>\n\t\t\t\t<\/div>\n\t\t\t\t\t<\/div>\n\t\t<\/div>\n\t\t\t\t\t\t\t<\/div>\n\t\t<\/section>\n\t\t\t\t<section class=\"elementor-section elementor-top-section elementor-element elementor-element-6cfea65 elementor-section-content-middle elementor-section-boxed elementor-section-height-default elementor-section-height-default\" data-id=\"6cfea65\" data-element_type=\"section\" data-settings=\"{&quot;background_background&quot;:&quot;classic&quot;}\">\n\t\t\t\t\t\t<div class=\"elementor-container elementor-column-gap-no\">\n\t\t\t\t\t<div class=\"elementor-column elementor-col-100 elementor-top-column elementor-element elementor-element-1198eec5\" data-id=\"1198eec5\" data-element_type=\"column\">\n\t\t\t<div class=\"elementor-widget-wrap elementor-element-populated\">\n\t\t\t\t\t\t\t\t<div class=\"elementor-element elementor-element-23a7fe56 elementor-widget elementor-widget-heading\" data-id=\"23a7fe56\" data-element_type=\"widget\" data-widget_type=\"heading.default\">\n\t\t\t\t<div class=\"elementor-widget-container\">\n\t\t\t<p class=\"elementor-heading-title elementor-size-small\">E&amp;S Global Trade<br><i>Your preferred partner<\/i><\/p>\t\t<\/div>\n\t\t\t\t<\/div>\n\t\t\t\t<div class=\"elementor-element elementor-element-49a9589d elementor-widget__width-initial elementor-widget elementor-widget-text-editor\" data-id=\"49a9589d\" data-element_type=\"widget\" data-widget_type=\"text-editor.default\">\n\t\t\t\t<div class=\"elementor-widget-container\">\n\t\t\t<style>\/*! elementor - v3.15.0 - 20-08-2023 *\/\n.elementor-widget-text-editor.elementor-drop-cap-view-stacked .elementor-drop-cap{background-color:#69727d;color:#fff}.elementor-widget-text-editor.elementor-drop-cap-view-framed .elementor-drop-cap{color:#69727d;border:3px solid;background-color:transparent}.elementor-widget-text-editor:not(.elementor-drop-cap-view-default) .elementor-drop-cap{margin-top:8px}.elementor-widget-text-editor:not(.elementor-drop-cap-view-default) .elementor-drop-cap-letter{width:1em;height:1em}.elementor-widget-text-editor .elementor-drop-cap{float:left;text-align:center;line-height:1;font-size:50px}.elementor-widget-text-editor .elementor-drop-cap-letter{display:inline-block}<\/style>\t\t\t\t<p>Your trusted partner for the export of exotic fruits and vegetables from West Africa. We believe that every company deserves a smooth and reliable supply, which is why we do everything possible to satisfy you with a team of experts.\u00a0<\/p>\t\t\t\t\t\t<\/div>\n\t\t\t\t<\/div>\n\t\t\t\t<section class=\"elementor-section elementor-inner-section elementor-element elementor-element-32927f9d elementor-section-content-middle elementor-section-boxed elementor-section-height-default elementor-section-height-default\" data-id=\"32927f9d\" data-element_type=\"section\">\n\t\t\t\t\t\t<div class=\"elementor-container elementor-column-gap-no\">\n\t\t\t\t\t<div class=\"elementor-column elementor-col-100 elementor-inner-column elementor-element elementor-element-72310e48\" data-id=\"72310e48\" data-element_type=\"column\">\n\t\t\t<div class=\"elementor-widget-wrap elementor-element-populated\">\n\t\t\t\t\t\t\t\t<div class=\"elementor-element elementor-element-15934e97 elementor-align-center elementor-widget elementor-widget-button\" data-id=\"15934e97\" data-element_type=\"widget\" data-widget_type=\"button.default\">\n\t\t\t\t<div class=\"elementor-widget-container\">\n\t\t\t\t\t<div class=\"elementor-button-wrapper\">\n\t\t\t<a class=\"elementor-button elementor-button-link elementor-size-sm elementor-animation-grow\" href=\"https:\/\/esglobaltrade.com\/en\/a-propos\/\">\n\t\t\t\t\t\t<span class=\"elementor-button-content-wrapper\">\n\t\t\t\t\t\t<span class=\"elementor-button-text\">Learn more<\/span>\n\t\t<\/span>\n\t\t\t\t\t<\/a>\n\t\t<\/div>\n\t\t\t\t<\/div>\n\t\t\t\t<\/div>\n\t\t\t\t\t<\/div>\n\t\t<\/div>\n\t\t\t\t\t\t\t<\/div>\n\t\t<\/section>\n\t\t\t\t\t<\/div>\n\t\t<\/div>\n\t\t\t\t\t\t\t<\/div>\n\t\t<\/section>\n\t\t\t\t<section class=\"elementor-section elementor-top-section elementor-element elementor-element-201e332f elementor-section-content-middle elementor-section-boxed elementor-section-height-default elementor-section-height-default\" data-id=\"201e332f\" data-element_type=\"section\">\n\t\t\t\t\t\t<div class=\"elementor-container elementor-column-gap-no\">\n\t\t\t\t\t<div class=\"elementor-column elementor-col-100 elementor-top-column elementor-element elementor-element-4147696e\" data-id=\"4147696e\" data-element_type=\"column\">\n\t\t\t<div class=\"elementor-widget-wrap elementor-element-populated\">\n\t\t\t\t\t\t\t\t<div class=\"elementor-element elementor-element-7040dd80 elementor-widget elementor-widget-heading\" data-id=\"7040dd80\" data-element_type=\"widget\" data-widget_type=\"heading.default\">\n\t\t\t\t<div class=\"elementor-widget-container\">\n\t\t\t<h4 class=\"elementor-heading-title elementor-size-default\">SOME OF OUR TOP PRODUCTS<\/h4>\t\t<\/div>\n\t\t\t\t<\/div>\n\t\t\t\t<section class=\"elementor-section elementor-inner-section elementor-element elementor-element-482bb64 elementor-section-content-middle elementor-section-boxed elementor-section-height-default elementor-section-height-default\" data-id=\"482bb64\" data-element_type=\"section\">\n\t\t\t\t\t\t<div class=\"elementor-container elementor-column-gap-no\">\n\t\t\t\t\t<div class=\"elementor-column elementor-col-33 elementor-inner-column elementor-element elementor-element-ed66782\" data-id=\"ed66782\" data-element_type=\"column\" data-settings=\"{&quot;background_background&quot;:&quot;classic&quot;}\">\n\t\t\t<div class=\"elementor-widget-wrap elementor-element-populated\">\n\t\t\t\t\t\t\t\t<div class=\"elementor-element elementor-element-8c7f627 elementor-position-top elementor-widget elementor-widget-image-box\" data-id=\"8c7f627\" data-element_type=\"widget\" data-widget_type=\"image-box.default\">\n\t\t\t\t<div class=\"elementor-widget-container\">\n\t\t\t<style>\/*! elementor - v3.15.0 - 20-08-2023 *\/\n.elementor-widget-image-box .elementor-image-box-content{width:100%}@media (min-width:768px){.elementor-widget-image-box.elementor-position-left .elementor-image-box-wrapper,.elementor-widget-image-box.elementor-position-right .elementor-image-box-wrapper{display:flex}.elementor-widget-image-box.elementor-position-right .elementor-image-box-wrapper{text-align:right;flex-direction:row-reverse}.elementor-widget-image-box.elementor-position-left .elementor-image-box-wrapper{text-align:left;flex-direction:row}.elementor-widget-image-box.elementor-position-top .elementor-image-box-img{margin:auto}.elementor-widget-image-box.elementor-vertical-align-top .elementor-image-box-wrapper{align-items:flex-start}.elementor-widget-image-box.elementor-vertical-align-middle .elementor-image-box-wrapper{align-items:center}.elementor-widget-image-box.elementor-vertical-align-bottom .elementor-image-box-wrapper{align-items:flex-end}}@media (max-width:767px){.elementor-widget-image-box .elementor-image-box-img{margin-left:auto!important;margin-right:auto!important;margin-bottom:15px}}.elementor-widget-image-box .elementor-image-box-img{display:inline-block}.elementor-widget-image-box .elementor-image-box-title a{color:inherit}.elementor-widget-image-box .elementor-image-box-wrapper{text-align:center}.elementor-widget-image-box .elementor-image-box-description{margin:0}<\/style><div class=\"elementor-image-box-wrapper\"><figure class=\"elementor-image-box-img\"><img decoding=\"async\" loading=\"lazy\" width=\"869\" height=\"1024\" src=\"https:\/\/esglobaltrade.com\/wp-content\/uploads\/2023\/08\/Mangue-1-869x1024.jpg\" class=\"elementor-animation-grow attachment-large size-large wp-image-435\" alt=\"\" srcset=\"https:\/\/esglobaltrade.com\/wp-content\/uploads\/2023\/08\/Mangue-1-869x1024.jpg 869w, https:\/\/esglobaltrade.com\/wp-content\/uploads\/2023\/08\/Mangue-1-255x300.jpg 255w, https:\/\/esglobaltrade.com\/wp-content\/uploads\/2023\/08\/Mangue-1-768x905.jpg 768w, https:\/\/esglobaltrade.com\/wp-content\/uploads\/2023\/08\/Mangue-1-1303x1536.jpg 1303w, https:\/\/esglobaltrade.com\/wp-content\/uploads\/2023\/08\/Mangue-1.jpg 1595w\" sizes=\"(max-width: 869px) 100vw, 869px\" \/><\/figure><div class=\"elementor-image-box-content\"><h3 class=\"elementor-image-box-title\">Mango<\/h3><\/div><\/div>\t\t<\/div>\n\t\t\t\t<\/div>\n\t\t\t\t<div class=\"elementor-element elementor-element-3baec0b elementor-align-center elementor-widget elementor-widget-button\" data-id=\"3baec0b\" data-element_type=\"widget\" data-widget_type=\"button.default\">\n\t\t\t\t<div class=\"elementor-widget-container\">\n\t\t\t\t\t<div class=\"elementor-button-wrapper\">\n\t\t\t<a class=\"elementor-button elementor-button-link elementor-size-sm\" href=\"https:\/\/esglobaltrade.com\/en\/mangue\/\">\n\t\t\t\t\t\t<span class=\"elementor-button-content-wrapper\">\n\t\t\t\t\t\t<span class=\"elementor-button-text\">SEE+<\/span>\n\t\t<\/span>\n\t\t\t\t\t<\/a>\n\t\t<\/div>\n\t\t\t\t<\/div>\n\t\t\t\t<\/div>\n\t\t\t\t\t<\/div>\n\t\t<\/div>\n\t\t\t\t<div class=\"elementor-column elementor-col-33 elementor-inner-column elementor-element elementor-element-7161f21\" data-id=\"7161f21\" data-element_type=\"column\" data-settings=\"{&quot;background_background&quot;:&quot;classic&quot;}\">\n\t\t\t<div class=\"elementor-widget-wrap elementor-element-populated\">\n\t\t\t\t\t\t\t\t<div class=\"elementor-element elementor-element-a5223f3 elementor-position-top elementor-widget elementor-widget-image-box\" data-id=\"a5223f3\" data-element_type=\"widget\" data-widget_type=\"image-box.default\">\n\t\t\t\t<div class=\"elementor-widget-container\">\n\t\t\t<div class=\"elementor-image-box-wrapper\"><figure class=\"elementor-image-box-img\"><img decoding=\"async\" loading=\"lazy\" width=\"869\" height=\"1024\" src=\"https:\/\/esglobaltrade.com\/wp-content\/uploads\/2023\/08\/Ananas-869x1024.jpg\" class=\"elementor-animation-grow attachment-large size-large wp-image-277\" alt=\"\" srcset=\"https:\/\/esglobaltrade.com\/wp-content\/uploads\/2023\/08\/Ananas-869x1024.jpg 869w, https:\/\/esglobaltrade.com\/wp-content\/uploads\/2023\/08\/Ananas-255x300.jpg 255w, https:\/\/esglobaltrade.com\/wp-content\/uploads\/2023\/08\/Ananas-768x905.jpg 768w, https:\/\/esglobaltrade.com\/wp-content\/uploads\/2023\/08\/Ananas-1303x1536.jpg 1303w, https:\/\/esglobaltrade.com\/wp-content\/uploads\/2023\/08\/Ananas.jpg 1595w\" sizes=\"(max-width: 869px) 100vw, 869px\" \/><\/figure><div class=\"elementor-image-box-content\"><h3 class=\"elementor-image-box-title\">Pineapple<\/h3><\/div><\/div>\t\t<\/div>\n\t\t\t\t<\/div>\n\t\t\t\t<div class=\"elementor-element elementor-element-5fc3451 elementor-align-center elementor-widget elementor-widget-button\" data-id=\"5fc3451\" data-element_type=\"widget\" data-widget_type=\"button.default\">\n\t\t\t\t<div class=\"elementor-widget-container\">\n\t\t\t\t\t<div class=\"elementor-button-wrapper\">\n\t\t\t<a class=\"elementor-button elementor-button-link elementor-size-sm\" href=\"https:\/\/esglobaltrade.com\/en\/ananas\/\">\n\t\t\t\t\t\t<span class=\"elementor-button-content-wrapper\">\n\t\t\t\t\t\t<span class=\"elementor-button-text\">SEE+<\/span>\n\t\t<\/span>\n\t\t\t\t\t<\/a>\n\t\t<\/div>\n\t\t\t\t<\/div>\n\t\t\t\t<\/div>\n\t\t\t\t\t<\/div>\n\t\t<\/div>\n\t\t\t\t<div class=\"elementor-column elementor-col-33 elementor-inner-column elementor-element elementor-element-371c482\" data-id=\"371c482\" data-element_type=\"column\" data-settings=\"{&quot;background_background&quot;:&quot;classic&quot;}\">\n\t\t\t<div class=\"elementor-widget-wrap elementor-element-populated\">\n\t\t\t\t\t\t\t\t<div class=\"elementor-element elementor-element-e486de1 elementor-position-top elementor-widget elementor-widget-image-box\" data-id=\"e486de1\" data-element_type=\"widget\" data-widget_type=\"image-box.default\">\n\t\t\t\t<div class=\"elementor-widget-container\">\n\t\t\t<div class=\"elementor-image-box-wrapper\"><figure class=\"elementor-image-box-img\"><img decoding=\"async\" loading=\"lazy\" width=\"869\" height=\"1024\" src=\"https:\/\/esglobaltrade.com\/wp-content\/uploads\/2023\/08\/appetite-1238257_1280-1-1-869x1024.jpg\" class=\"elementor-animation-grow attachment-large size-large wp-image-444\" alt=\"\" srcset=\"https:\/\/esglobaltrade.com\/wp-content\/uploads\/2023\/08\/appetite-1238257_1280-1-1-869x1024.jpg 869w, https:\/\/esglobaltrade.com\/wp-content\/uploads\/2023\/08\/appetite-1238257_1280-1-1-255x300.jpg 255w, https:\/\/esglobaltrade.com\/wp-content\/uploads\/2023\/08\/appetite-1238257_1280-1-1-768x905.jpg 768w, https:\/\/esglobaltrade.com\/wp-content\/uploads\/2023\/08\/appetite-1238257_1280-1-1-1303x1536.jpg 1303w, https:\/\/esglobaltrade.com\/wp-content\/uploads\/2023\/08\/appetite-1238257_1280-1-1.jpg 1595w\" sizes=\"(max-width: 869px) 100vw, 869px\" \/><\/figure><div class=\"elementor-image-box-content\"><h3 class=\"elementor-image-box-title\">Avocado<\/h3><\/div><\/div>\t\t<\/div>\n\t\t\t\t<\/div>\n\t\t\t\t<div class=\"elementor-element elementor-element-d1411c0 elementor-align-center elementor-widget elementor-widget-button\" data-id=\"d1411c0\" data-element_type=\"widget\" data-widget_type=\"button.default\">\n\t\t\t\t<div class=\"elementor-widget-container\">\n\t\t\t\t\t<div class=\"elementor-button-wrapper\">\n\t\t\t<a class=\"elementor-button elementor-button-link elementor-size-sm\" href=\"https:\/\/esglobaltrade.com\/en\/avocat\/\">\n\t\t\t\t\t\t<span class=\"elementor-button-content-wrapper\">\n\t\t\t\t\t\t<span class=\"elementor-button-text\">SEE+<\/span>\n\t\t<\/span>\n\t\t\t\t\t<\/a>\n\t\t<\/div>\n\t\t\t\t<\/div>\n\t\t\t\t<\/div>\n\t\t\t\t\t<\/div>\n\t\t<\/div>\n\t\t\t\t\t\t\t<\/div>\n\t\t<\/section>\n\t\t\t\t\t<\/div>\n\t\t<\/div>\n\t\t\t\t\t\t\t<\/div>\n\t\t<\/section>\n\t\t\t\t\t\t\t<\/div>","protected":false},"excerpt":{"rendered":"<p>E&amp;S GLOBAL TRADE, VOTRE PARTENAIRE PRIVILEGI\u00c9 DES FRUITS ET L\u00c9GUMES EXOTIQUES E&amp;S Global TradeVotre partenaire privilegi\u00e9 Votre partenaire de confiance dans l&rsquo;export des fruits et l\u00e9gumes exotiques en provenance de l&rsquo;Afrique de l&rsquo;ouest. Nous croyons que chaque entreprise m\u00e9rite un approvisionnement fluide et fiable c\u2019est pourquoi nous mettons tout en \u0153uvre pour vous satisfaire avec&#8230;<\/p>","protected":false},"author":1,"featured_media":0,"parent":0,"menu_order":0,"comment_status":"closed","ping_status":"closed","template":"","meta":{"_kad_post_transparent":"","_kad_post_title":"hide","_kad_post_layout":"fullwidth","_kad_post_sidebar_id":"","_kad_post_content_style":"unboxed","_kad_post_vertical_padding":"hide","_kad_post_feature":"","_kad_post_feature_position":"","_kad_post_header":false,"_kad_post_footer":false,"footnotes":""},"_links":{"self":[{"href":"https:\/\/esglobaltrade.com\/en\/wp-json\/wp\/v2\/pages\/10"}],"collection":[{"href":"https:\/\/esglobaltrade.com\/en\/wp-json\/wp\/v2\/pages"}],"about":[{"href":"https:\/\/esglobaltrade.com\/en\/wp-json\/wp\/v2\/types\/page"}],"author":[{"embeddable":true,"href":"https:\/\/esglobaltrade.com\/en\/wp-json\/wp\/v2\/users\/1"}],"replies":[{"embeddable":true,"href":"https:\/\/esglobaltrade.com\/en\/wp-json\/wp\/v2\/comments?post=10"}],"version-history":[{"count":685,"href":"https:\/\/esglobaltrade.com\/en\/wp-json\/wp\/v2\/pages\/10\/revisions"}],"predecessor-version":[{"id":1524,"href":"https:\/\/esglobaltrade.com\/en\/wp-json\/wp\/v2\/pages\/10\/revisions\/1524"}],"wp:attachment":[{"href":"https:\/\/esglobaltrade.com\/en\/wp-json\/wp\/v2\/media?parent=10"}],"curies":[{"name":"wp","href":"https:\/\/api.w.org\/{rel}","templated":true}]}}